{"id":36,"date":"2020-06-22T14:37:52","date_gmt":"2020-06-22T14:37:52","guid":{"rendered":"http:\/\/weinbauruppert.de\/?page_id=36"},"modified":"2026-04-29T10:37:29","modified_gmt":"2026-04-29T10:37:29","slug":"termine","status":"publish","type":"page","link":"http:\/\/weinbauruppert.de\/?page_id=36","title":{"rendered":"Termine"},"content":{"rendered":"\n<p><\/p>\n\n\n<h1 style=\"text-align: center;\"><strong>Termine<\/strong><\/h1>\n<h2 style=\"text-align: center;\">\u00a0<\/h2>\n<p>&nbsp;<\/p>\n<h2 style=\"text-align: center;\"><span style=\"color: #800000;\"><strong>Schoppe-Treff<\/strong><\/span><\/h2>\n<p style=\"text-align: center;\"><strong>(am \u00dcbergang im Weinberg)<\/strong><\/p>\n<h2 style=\"text-align: center;\"><strong><span style=\"color: #800000;\">am 01.05. und 03.05.26<\/span><\/strong><\/h2>\n<h2 style=\"text-align: center;\"><strong><span style=\"color: #800000;\">ab 11:00 Uhr ge\u00f6ffnet<br \/><\/span><\/strong><\/h2>\n<h2 style=\"text-align: center;\"><strong><span style=\"color: #800000;\"><br \/>H\u00e4ckerwirtschaft<br \/>20.05. &#8211; 25.05.26<br \/>t\u00e4gl. ab 11:00 Uhr ge\u00f6ffnet<\/span><\/strong><\/h2>\n<p>&nbsp;<\/p>\n<h2 style=\"text-align: center;\"><strong><span style=\"color: #800000;\"><br \/><br \/><\/span><\/strong><\/h2>\n<p>&nbsp;<\/p>\n<p>&nbsp;<\/p>\n\n\n<p><\/p>\n\n\n\n<p><\/p>\n","protected":false},"excerpt":{"rendered":"<p>Termine \u00a0 &nbsp; Schoppe-Treff (am \u00dcbergang im Weinberg) am 01.05. und 03.05.26 ab 11:00 Uhr ge\u00f6ffnet H\u00e4ckerwirtschaft20.05. &#8211; 25.05.26t\u00e4gl. ab 11:00 Uhr ge\u00f6ffnet &nbsp; &nbsp; &nbsp;<\/p>\n","protected":false},"author":1,"featured_media":0,"parent":0,"menu_order":0,"comment_status":"closed","ping_status":"closed","template":"","meta":{"footnotes":""},"class_list":["post-36","page","type-page","status-publish","hentry","entry"],"_links":{"self":[{"href":"http:\/\/weinbauruppert.de\/index.php?rest_route=\/wp\/v2\/pages\/36","targetHints":{"allow":["GET"]}}],"collection":[{"href":"http:\/\/weinbauruppert.de\/index.php?rest_route=\/wp\/v2\/pages"}],"about":[{"href":"http:\/\/weinbauruppert.de\/index.php?rest_route=\/wp\/v2\/types\/page"}],"author":[{"embeddable":true,"href":"http:\/\/weinbauruppert.de\/index.php?rest_route=\/wp\/v2\/users\/1"}],"replies":[{"embeddable":true,"href":"http:\/\/weinbauruppert.de\/index.php?rest_route=%2Fwp%2Fv2%2Fcomments&post=36"}],"version-history":[{"count":133,"href":"http:\/\/weinbauruppert.de\/index.php?rest_route=\/wp\/v2\/pages\/36\/revisions"}],"predecessor-version":[{"id":648,"href":"http:\/\/weinbauruppert.de\/index.php?rest_route=\/wp\/v2\/pages\/36\/revisions\/648"}],"wp:attachment":[{"href":"http:\/\/weinbauruppert.de\/index.php?rest_route=%2Fwp%2Fv2%2Fmedia&parent=36"}],"curies":[{"name":"wp","href":"https:\/\/api.w.org\/{rel}","templated":true}]}}