{"id":11,"date":"2020-06-18T07:09:20","date_gmt":"2020-06-18T07:09:20","guid":{"rendered":"http:\/\/weinbauruppert.de\/?page_id=11"},"modified":"2026-01-15T08:55:28","modified_gmt":"2026-01-15T08:55:28","slug":"mesmerize","status":"publish","type":"page","link":"http:\/\/weinbauruppert.de\/","title":{"rendered":"Home"},"content":{"rendered":"\n<p class=\"has-text-align-center has-large-font-size\"><strong><mark style=\"background-color:rgba(0, 0, 0, 0)\" class=\"has-inline-color has-vivid-red-color\"><em>     Hallo, sch\u00f6n dass Sie da sind.<\/em><\/mark><\/strong><\/p>\n\n\n\n<p class=\"has-text-align-center has-medium-font-size\"><strong><mark style=\"background-color:rgba(0, 0, 0, 0)\" class=\"has-inline-color has-vivid-red-color\">         Die aktuellen \u00d6ffnungszeiten unserer H\u00e4ckerwirtschaft finden Sie unter &#8222;Termine&#8220; <\/mark><\/strong><\/p>\n\n\n\n<p class=\"has-medium-font-size\"><\/p>\n\n\n\n<p><\/p>\n","protected":false},"excerpt":{"rendered":"<p>Hallo, sch\u00f6n dass Sie da sind. Die aktuellen \u00d6ffnungszeiten unserer H\u00e4ckerwirtschaft finden Sie unter &#8222;Termine&#8220;<\/p>\n","protected":false},"author":1,"featured_media":0,"parent":0,"menu_order":0,"comment_status":"closed","ping_status":"closed","template":"","meta":{"footnotes":""},"class_list":["post-11","page","type-page","status-publish","hentry","entry"],"_links":{"self":[{"href":"http:\/\/weinbauruppert.de\/index.php?rest_route=\/wp\/v2\/pages\/11","targetHints":{"allow":["GET"]}}],"collection":[{"href":"http:\/\/weinbauruppert.de\/index.php?rest_route=\/wp\/v2\/pages"}],"about":[{"href":"http:\/\/weinbauruppert.de\/index.php?rest_route=\/wp\/v2\/types\/page"}],"author":[{"embeddable":true,"href":"http:\/\/weinbauruppert.de\/index.php?rest_route=\/wp\/v2\/users\/1"}],"replies":[{"embeddable":true,"href":"http:\/\/weinbauruppert.de\/index.php?rest_route=%2Fwp%2Fv2%2Fcomments&post=11"}],"version-history":[{"count":82,"href":"http:\/\/weinbauruppert.de\/index.php?rest_route=\/wp\/v2\/pages\/11\/revisions"}],"predecessor-version":[{"id":639,"href":"http:\/\/weinbauruppert.de\/index.php?rest_route=\/wp\/v2\/pages\/11\/revisions\/639"}],"wp:attachment":[{"href":"http:\/\/weinbauruppert.de\/index.php?rest_route=%2Fwp%2Fv2%2Fmedia&parent=11"}],"curies":[{"name":"wp","href":"https:\/\/api.w.org\/{rel}","templated":true}]}}